{"id":2423,"date":"2020-05-10T18:23:09","date_gmt":"2020-05-10T18:23:09","guid":{"rendered":"https:\/\/schoepf-partner.de\/?page_id=2423"},"modified":"2020-08-11T19:22:30","modified_gmt":"2020-08-11T19:22:30","slug":"aktionslabel-2","status":"publish","type":"page","link":"https:\/\/schoepf-partner.de\/?page_id=2423","title":{"rendered":"Aktionslabel"},"content":{"rendered":"<p>[et_pb_section fb_built=&#8220;1&#8243; _builder_version=&#8220;4.4.3&#8243; custom_padding=&#8220;||0px|||&#8220;][et_pb_row _builder_version=&#8220;4.4.3&#8243; custom_margin=&#8220;|auto|52px|auto||&#8220; custom_padding=&#8220;0px||0px|||&#8220;][et_pb_column type=&#8220;4_4&#8243; _builder_version=&#8220;4.4.2&#8243;][et_pb_image _builder_version=&#8220;4.4.2&#8243;][\/et_pb_image][et_pb_image src=&#8220;https:\/\/schoepf-partner.de\/wp-content\/uploads\/2020\/07\/markeraum-grauerRand.png&#8220; _builder_version=&#8220;4.4.3&#8243; width=&#8220;17%&#8220;][\/et_pb_image][\/et_pb_column][\/et_pb_row][et_pb_row _builder_version=&#8220;4.4.3&#8243;][et_pb_column type=&#8220;4_4&#8243; _builder_version=&#8220;4.4.2&#8243; custom_padding=&#8220;0px||||false|false&#8220;][et_pb_text _builder_version=&#8220;4.4.3&#8243; custom_padding=&#8220;||0px|||&#8220;]<\/p>\n<h2><span style=\"color: #000000;\">Marken st\u00e4rken<\/span><\/h2>\n<h3><span style=\"color: #000000;\">R\u00e4ume als Botschafter<\/span><\/h3>\n<p style=\"text-align: justify;\">In der Markenf\u00fchrung zeigt sich das Selbst\u00adverst\u00e4ndnis eines Unter\u00adnehmens. Branding verbindet Unter\u00adnehmens\u00adwerte und Marken\u00adwirkung zu einem klaren Erscheinungsbild.<br \/> Durch eine stimmig ge\u00e4u\u00dferte Identit\u00e4t wird eine Alleinstellung erreicht. Entsprechend leisten Markenr\u00e4ume einen wichtigen Beitrag zur Unternehmens\u00adkommuni\u00adkation.<\/p>\n<p style=\"text-align: justify;\">Bei Sch\u00f6pf + Partner bewirken Designer und Architekten, dass Profil und Produkte des Unter\u00adnehmens erlebbar werden.<br \/> In Ab\u00adsprache mit der unternehmens\u00adeigenen oder externen Marketing\u00adabteilung wird der Marken\u00adkern heraus\u00adgearbeitet und es ent\u00adsteht die indi\u00adviduelle Marken\u00adbotschaft im Raum.<\/p>\n<p style=\"text-align: justify;\">Echtheit und Originalit\u00e4t erleben Menschen in wahren R\u00e4umen, denn je digitaler alles wird, umso wichtiger sind reale und sp\u00fcr\u00adbarere Erfahrungen.<\/p>\n<p style=\"text-align: justify;\">In R\u00e4umen lassen sich Haltung und Content der Marke besonders intensiv und intuitiv erleben<\/p>\n<p style=\"text-align: justify;\">\n<p>[\/et_pb_text][\/et_pb_column][\/et_pb_row][et_pb_row _builder_version=&#8220;4.4.3&#8243;][et_pb_column type=&#8220;4_4&#8243; _builder_version=&#8220;4.4.3&#8243;][et_pb_button button_url=&#8220;https:\/\/schoepf-partner.de\/wp-content\/uploads\/2020\/07\/Sch%C3%B6pfPartner_Erfolgsfaktor-Raum.pdf&#8220; button_text=&#8220;Brosch\u00fcre &#8211; Erfolgsfaktor Raum&#8220; _builder_version=&#8220;4.4.3&#8243; hover_enabled=&#8220;0&#8243;][\/et_pb_button][\/et_pb_column][\/et_pb_row][et_pb_row _builder_version=&#8220;4.4.3&#8243; custom_padding=&#8220;0px||0px||false|false&#8220;][et_pb_column type=&#8220;4_4&#8243; _builder_version=&#8220;4.4.2&#8243; custom_padding=&#8220;0px||||false|false&#8220;][et_pb_image src=&#8220;https:\/\/schoepf-partner.de\/wp-content\/uploads\/2020\/05\/Aktionslabel-1.jpg&#8220; url=&#8220;@ET-DC@eyJkeW5hbWljIjp0cnVlLCJjb250ZW50IjoicG9zdF9saW5rX3VybF9wcm9qZWN0Iiwic2V0dGluZ3MiOnsicG9zdF9pZCI6IjkwMyJ9fQ==@&#8220; _builder_version=&#8220;4.4.3&#8243; _dynamic_attributes=&#8220;url&#8220; width=&#8220;89.2%&#8220; custom_margin=&#8220;5px|0px|5px|0px|true|true&#8220;][\/et_pb_image][\/et_pb_column][\/et_pb_row][et_pb_row column_structure=&#8220;1_2,1_2&#8243; _builder_version=&#8220;4.4.3&#8243; custom_padding=&#8220;0px||0px|0px|false|false&#8220;][et_pb_column type=&#8220;1_2&#8243; _builder_version=&#8220;4.4.3&#8243; custom_padding=&#8220;0px||||false|false&#8220;][et_pb_image src=&#8220;https:\/\/schoepf-partner.de\/wp-content\/uploads\/2020\/05\/Stahlwille_Kontor_11.jpg&#8220; alt=&#8220;Becker Workcafe, Wuppertal&#8220; url=&#8220;@ET-DC@eyJkeW5hbWljIjp0cnVlLCJjb250ZW50IjoicG9zdF9saW5rX3VybF9wcm9qZWN0Iiwic2V0dGluZ3MiOnsicG9zdF9pZCI6IjExMjAifX0=@&#8220; force_fullwidth=&#8220;on&#8220; _builder_version=&#8220;4.4.3&#8243; _dynamic_attributes=&#8220;url&#8220; custom_margin=&#8220;0px|0px|0px|0px|true|true&#8220; custom_padding=&#8220;10px|0px|10px|0px|false|false&#8220; scroll_fade_enable=&#8220;off&#8220;][\/et_pb_image][\/et_pb_column][et_pb_column type=&#8220;1_2&#8243; _builder_version=&#8220;4.4.3&#8243; custom_padding=&#8220;|||0px|false|false&#8220;][et_pb_image src=&#8220;https:\/\/schoepf-partner.de\/wp-content\/uploads\/2020\/05\/Papyrus_K\u00f6ln_06.jpg&#8220; alt=&#8220;Becker Workcafe, Wuppertal&#8220; url=&#8220;@ET-DC@eyJkeW5hbWljIjp0cnVlLCJjb250ZW50IjoicG9zdF9saW5rX3VybF9wcm9qZWN0Iiwic2V0dGluZ3MiOnsicG9zdF9pZCI6IjEwMDgifX0=@&#8220; force_fullwidth=&#8220;on&#8220; _builder_version=&#8220;4.4.3&#8243; _dynamic_attributes=&#8220;url&#8220; custom_margin=&#8220;0px|0px|0px|0px|true|true&#8220; custom_padding=&#8220;10px|0px|10px|0px|false|true&#8220; scroll_fade_enable=&#8220;off&#8220;][\/et_pb_image][\/et_pb_column][\/et_pb_row][\/et_pb_section]<\/p>\n","protected":false},"excerpt":{"rendered":"<p>Marken st\u00e4rken R\u00e4ume als Botschafter In der Markenf\u00fchrung zeigt sich das Selbst\u00adverst\u00e4ndnis eines Unter\u00adnehmens. Branding verbindet Unter\u00adnehmens\u00adwerte und Marken\u00adwirkung zu einem klaren Erscheinungsbild. Durch eine stimmig ge\u00e4u\u00dferte Identit\u00e4t wird eine Alleinstellung erreicht. Entsprechend leisten Markenr\u00e4ume einen wichtigen Beitrag zur Unternehmens\u00adkommuni\u00adkation. Bei Sch\u00f6pf + Partner bewirken Designer und Architekten, dass Profil und Produkte des Unter\u00adnehmens erlebbar [&hellip;]<\/p>\n","protected":false},"author":1,"featured_media":0,"parent":0,"menu_order":0,"comment_status":"closed","ping_status":"closed","template":"","meta":{"_et_pb_use_builder":"on","_et_pb_old_content":"","_et_gb_content_width":"","footnotes":""},"class_list":["post-2423","page","type-page","status-publish","hentry"],"_links":{"self":[{"href":"https:\/\/schoepf-partner.de\/index.php?rest_route=\/wp\/v2\/pages\/2423"}],"collection":[{"href":"https:\/\/schoepf-partner.de\/index.php?rest_route=\/wp\/v2\/pages"}],"about":[{"href":"https:\/\/schoepf-partner.de\/index.php?rest_route=\/wp\/v2\/types\/page"}],"author":[{"embeddable":true,"href":"https:\/\/schoepf-partner.de\/index.php?rest_route=\/wp\/v2\/users\/1"}],"replies":[{"embeddable":true,"href":"https:\/\/schoepf-partner.de\/index.php?rest_route=%2Fwp%2Fv2%2Fcomments&post=2423"}],"version-history":[{"count":27,"href":"https:\/\/schoepf-partner.de\/index.php?rest_route=\/wp\/v2\/pages\/2423\/revisions"}],"predecessor-version":[{"id":3540,"href":"https:\/\/schoepf-partner.de\/index.php?rest_route=\/wp\/v2\/pages\/2423\/revisions\/3540"}],"wp:attachment":[{"href":"https:\/\/schoepf-partner.de\/index.php?rest_route=%2Fwp%2Fv2%2Fmedia&parent=2423"}],"curies":[{"name":"wp","href":"https:\/\/api.w.org\/{rel}","templated":true}]}}