{"id":774,"date":"2020-03-16T20:43:20","date_gmt":"2020-03-16T20:43:20","guid":{"rendered":"https:\/\/schoepf-partner.de\/?page_id=774"},"modified":"2020-06-25T09:41:18","modified_gmt":"2020-06-25T09:41:18","slug":"titel","status":"publish","type":"page","link":"https:\/\/schoepf-partner.de\/","title":{"rendered":"Home"},"content":{"rendered":"<p>[et_pb_section fb_built=&#8220;1&#8243; fullwidth=&#8220;on&#8220; _builder_version=&#8220;4.4.3&#8243;][et_pb_fullwidth_slider use_bg_overlay=&#8220;on&#8220; bg_overlay_color=&#8220;rgba(0,0,0,0.66)&#8220; use_text_overlay=&#8220;off&#8220; _builder_version=&#8220;4.4.3&#8243; background_enable_image=&#8220;off&#8220; button_alignment=&#8220;left&#8220; text_orientation=&#8220;left&#8220; min_height=&#8220;851px&#8220; animation_style=&#8220;fade&#8220; animation_starting_opacity=&#8220;23%&#8220; auto=&#8220;on&#8220; auto_speed=&#8220;5000&#8243; hover_transition_delay=&#8220;100ms&#8220; hover_transition_speed_curve=&#8220;ease-in-out&#8220;][et_pb_slide heading=&#8220;werte vermitteln&#8220; button_text=&#8220;zum Projekt&#8220; button_link=&#8220;@ET-DC@eyJkeW5hbWljIjp0cnVlLCJjb250ZW50IjoicG9zdF9saW5rX3VybF9wcm9qZWN0Iiwic2V0dGluZ3MiOnsicG9zdF9pZCI6IjkwMyJ9fQ==@&#8220; use_bg_overlay=&#8220;on&#8220; bg_overlay_color=&#8220;rgba(0,0,0,0.23)&#8220; use_text_overlay=&#8220;off&#8220; _builder_version=&#8220;4.4.3&#8243; _dynamic_attributes=&#8220;button_link&#8220; header_font=&#8220;|600|||||||&#8220; header_font_size=&#8220;60px&#8220; header_letter_spacing=&#8220;2px&#8220; header_line_height=&#8220;1.3em&#8220; background_image=&#8220;https:\/\/schoepf-partner.de\/wp-content\/uploads\/2020\/05\/Becker-Gennebreck_Slider_1.jpg&#8220; background_enable_image=&#8220;on&#8220; custom_button=&#8220;on&#8220; button_icon=&#8220;%%43%%&#8220; button_icon_color=&#8220;#ffffff&#8220; button_on_hover=&#8220;off&#8220; button_alignment=&#8220;center&#8220; text_orientation=&#8220;center&#8220; header_font_size_tablet=&#8220;48px&#8220; header_font_size_phone=&#8220;36px&#8220; header_font_size_last_edited=&#8220;on|desktop&#8220; button_text_size_tablet=&#8220;&#8220; button_text_size_phone=&#8220;15px&#8220; button_text_size_last_edited=&#8220;on|desktop&#8220; custom_css_slide_title=&#8220;animation:none&#8220;][\/et_pb_slide][et_pb_slide heading=&#8220;kreatives Arbeiten&#8220; button_text=&#8220;zum Projekt&#8220; button_link=&#8220;@ET-DC@eyJkeW5hbWljIjp0cnVlLCJjb250ZW50IjoicG9zdF9saW5rX3VybF9wcm9qZWN0Iiwic2V0dGluZ3MiOnsicG9zdF9pZCI6IjEwMDQifX0=@&#8220; use_bg_overlay=&#8220;on&#8220; bg_overlay_color=&#8220;rgba(0,0,0,0.29)&#8220; use_text_overlay=&#8220;off&#8220; _builder_version=&#8220;4.4.3&#8243; _dynamic_attributes=&#8220;button_link&#8220; header_font=&#8220;|600|||||||&#8220; header_font_size=&#8220;60px&#8220; header_letter_spacing=&#8220;2px&#8220; header_line_height=&#8220;1.3em&#8220; background_image=&#8220;https:\/\/schoepf-partner.de\/wp-content\/uploads\/2020\/05\/Riedel_Communications_Titel_Slider-scaled.jpg&#8220; background_enable_image=&#8220;on&#8220; button_icon=&#8220;%%5%%&#8220; button_icon_color=&#8220;#ffffff&#8220; button_on_hover=&#8220;off&#8220; button_alignment=&#8220;center&#8220; text_orientation=&#8220;center&#8220; header_font_size_tablet=&#8220;48px&#8220; header_font_size_phone=&#8220;36px&#8220; header_font_size_last_edited=&#8220;on|desktop&#8220; button_text_size_tablet=&#8220;&#8220; button_text_size_phone=&#8220;15px&#8220; button_text_size_last_edited=&#8220;on|desktop&#8220;][\/et_pb_slide][et_pb_slide heading=&#8220;Marken erlebbar machen&#8220; button_text=&#8220;zum Projekt&#8220; button_link=&#8220;@ET-DC@eyJkeW5hbWljIjp0cnVlLCJjb250ZW50IjoicG9zdF9saW5rX3VybF9wcm9qZWN0Iiwic2V0dGluZ3MiOnsicG9zdF9pZCI6IjEwMDgifX0=@&#8220; use_bg_overlay=&#8220;on&#8220; bg_overlay_color=&#8220;rgba(0,0,0,0.26)&#8220; use_text_overlay=&#8220;off&#8220; _builder_version=&#8220;4.4.3&#8243; _dynamic_attributes=&#8220;button_link&#8220; header_font=&#8220;|600|||||||&#8220; header_font_size=&#8220;60px&#8220; header_letter_spacing=&#8220;2px&#8220; header_line_height=&#8220;1.3em&#8220; background_image=&#8220;https:\/\/schoepf-partner.de\/wp-content\/uploads\/2020\/05\/Papyrus_Slider.jpg&#8220; background_enable_image=&#8220;on&#8220; button_icon=&#8220;%%5%%&#8220; button_icon_color=&#8220;#ffffff&#8220; button_on_hover=&#8220;off&#8220; button_alignment=&#8220;center&#8220; text_orientation=&#8220;center&#8220; header_font_size_tablet=&#8220;48px&#8220; header_font_size_phone=&#8220;36px&#8220; header_font_size_last_edited=&#8220;on|desktop&#8220; button_text_size_tablet=&#8220;&#8220; button_text_size_phone=&#8220;15px&#8220; button_text_size_last_edited=&#8220;on|desktop&#8220; header_text_shadow_style=&#8220;preset3&#8243;][\/et_pb_slide][et_pb_slide heading=&#8220;werte vermitteln&#8220; button_text=&#8220;zum Projekt&#8220; button_link=&#8220;@ET-DC@eyJkeW5hbWljIjp0cnVlLCJjb250ZW50IjoicG9zdF9saW5rX3VybF9wcm9qZWN0Iiwic2V0dGluZ3MiOnsicG9zdF9pZCI6IjIwNjgifX0=@&#8220; use_bg_overlay=&#8220;on&#8220; bg_overlay_color=&#8220;rgba(0,0,0,0.23)&#8220; use_text_overlay=&#8220;off&#8220; _builder_version=&#8220;4.4.3&#8243; _dynamic_attributes=&#8220;button_link&#8220; header_font=&#8220;|600|||||||&#8220; header_font_size=&#8220;60px&#8220; header_letter_spacing=&#8220;2px&#8220; header_line_height=&#8220;1.3em&#8220; background_image=&#8220;https:\/\/schoepf-partner.de\/wp-content\/uploads\/2020\/05\/Becker_Gennebreck_Aussen_Titel.jpg&#8220; background_enable_image=&#8220;on&#8220; custom_button=&#8220;on&#8220; button_icon=&#8220;%%43%%&#8220; button_icon_color=&#8220;#ffffff&#8220; button_on_hover=&#8220;off&#8220; button_alignment=&#8220;center&#8220; text_orientation=&#8220;center&#8220; header_font_size_tablet=&#8220;48px&#8220; header_font_size_phone=&#8220;36px&#8220; header_font_size_last_edited=&#8220;on|desktop&#8220; button_text_size_tablet=&#8220;&#8220; button_text_size_phone=&#8220;15px&#8220; button_text_size_last_edited=&#8220;on|desktop&#8220; custom_css_slide_title=&#8220;animation:none&#8220;][\/et_pb_slide][et_pb_slide heading=&#8220;Produkte %91be%93greifen&#8220; button_text=&#8220;zum Projekt&#8220; button_link=&#8220;@ET-DC@eyJkeW5hbWljIjp0cnVlLCJjb250ZW50IjoicG9zdF9saW5rX3VybF9wcm9qZWN0Iiwic2V0dGluZ3MiOnsicG9zdF9pZCI6IjExMjAifX0=@&#8220; use_bg_overlay=&#8220;on&#8220; bg_overlay_color=&#8220;rgba(0,0,0,0.26)&#8220; use_text_overlay=&#8220;off&#8220; _builder_version=&#8220;4.4.3&#8243; _dynamic_attributes=&#8220;button_link&#8220; header_font=&#8220;|600|||||||&#8220; header_font_size=&#8220;60px&#8220; header_letter_spacing=&#8220;2px&#8220; header_line_height=&#8220;1.3em&#8220; background_image=&#8220;https:\/\/schoepf-partner.de\/wp-content\/uploads\/2020\/05\/Titel_-3.jpg&#8220; background_enable_image=&#8220;on&#8220; button_icon=&#8220;%%5%%&#8220; button_icon_color=&#8220;#ffffff&#8220; button_on_hover=&#8220;off&#8220; button_alignment=&#8220;center&#8220; text_orientation=&#8220;center&#8220; header_font_size_tablet=&#8220;48px&#8220; header_font_size_phone=&#8220;36px&#8220; header_font_size_last_edited=&#8220;on|desktop&#8220; button_text_size_tablet=&#8220;&#8220; button_text_size_phone=&#8220;15px&#8220; button_text_size_last_edited=&#8220;on|desktop&#8220; header_text_shadow_style=&#8220;preset3&#8243;][\/et_pb_slide][et_pb_slide heading=&#8220;Neugier Raum geben&#8220; button_text=&#8220;zum Projekt&#8220; button_link=&#8220;@ET-DC@eyJkeW5hbWljIjp0cnVlLCJjb250ZW50IjoicG9zdF9saW5rX3VybF9wcm9qZWN0Iiwic2V0dGluZ3MiOnsicG9zdF9pZCI6IjExMTQifX0=@&#8220; use_bg_overlay=&#8220;on&#8220; bg_overlay_color=&#8220;rgba(0,0,0,0.26)&#8220; use_text_overlay=&#8220;off&#8220; _builder_version=&#8220;4.4.3&#8243; _dynamic_attributes=&#8220;button_link&#8220; header_font=&#8220;|600|||||||&#8220; header_font_size=&#8220;60px&#8220; header_letter_spacing=&#8220;2px&#8220; header_line_height=&#8220;1.3em&#8220; background_image=&#8220;https:\/\/schoepf-partner.de\/wp-content\/uploads\/2020\/05\/Titel_-2-scaled.jpg&#8220; background_enable_image=&#8220;on&#8220; button_icon=&#8220;%%5%%&#8220; button_icon_color=&#8220;#ffffff&#8220; button_on_hover=&#8220;off&#8220; button_alignment=&#8220;center&#8220; text_orientation=&#8220;center&#8220; header_font_size_tablet=&#8220;48px&#8220; header_font_size_phone=&#8220;36px&#8220; header_font_size_last_edited=&#8220;on|desktop&#8220; button_text_size_tablet=&#8220;&#8220; button_text_size_phone=&#8220;15px&#8220; button_text_size_last_edited=&#8220;on|desktop&#8220; header_text_shadow_style=&#8220;preset3&#8243;][\/et_pb_slide][\/et_pb_fullwidth_slider][\/et_pb_section][et_pb_section fb_built=&#8220;1&#8243; _builder_version=&#8220;4.4.2&#8243; custom_padding=&#8220;0px||0px|||&#8220;][et_pb_row _builder_version=&#8220;4.4.3&#8243; min_height=&#8220;64px&#8220; custom_margin=&#8220;|auto|-4px|auto||&#8220; custom_padding=&#8220;||2px|||&#8220;][et_pb_column type=&#8220;4_4&#8243; _builder_version=&#8220;4.4.2&#8243;][et_pb_image src=&#8220;https:\/\/schoepf-partner.de\/wp-content\/uploads\/2020\/05\/Aktionslabel_markeraum.png&#8220; url=&#8220;@ET-DC@eyJkeW5hbWljIjp0cnVlLCJjb250ZW50IjoicG9zdF9saW5rX3VybF9wYWdlIiwic2V0dGluZ3MiOnsicG9zdF9pZCI6IjI0MjMifX0=@&#8220; overlay_icon_color=&#8220;rgba(0,0,0,0)&#8220; hover_overlay_color=&#8220;rgba(0,0,0,0)&#8220; admin_label=&#8220;Aktionslabel&#8220; _builder_version=&#8220;4.4.3&#8243; _dynamic_attributes=&#8220;url&#8220; width=&#8220;21%&#8220; width_tablet=&#8220;30%&#8220; width_phone=&#8220;40%&#8220; width_last_edited=&#8220;on|phone&#8220; module_alignment=&#8220;right&#8220; custom_margin=&#8220;-400px|5px|-400px|5px|true|true&#8220; custom_margin_tablet=&#8220;-400px||-400px||true|true&#8220; custom_margin_phone=&#8220;-306px||-306px||true|true&#8220; custom_margin_last_edited=&#8220;on|phone&#8220;][\/et_pb_image][\/et_pb_column][\/et_pb_row][et_pb_row _builder_version=&#8220;4.4.3&#8243;][et_pb_column _builder_version=&#8220;4.4.3&#8243; type=&#8220;4_4&#8243;][et_pb_cta title=&#8220;Gute Architektur kommt von innen&#8220; _builder_version=&#8220;4.4.3&#8243; background_enable_color=&#8220;off&#8220; background_enable_image=&#8220;off&#8220; background_layout=&#8220;light&#8220; hover_enabled=&#8220;0&#8243; background__hover_enabled=&#8220;on|desktop&#8220; background_enable_image__hover=&#8220;off&#8220; background_enable_color__hover=&#8220;off&#8220; background_color__hover=&#8220;rgba(0,0,0,0.3)&#8220; background_blend__hover=&#8220;multiply&#8220; background_image__hover=&#8220;https:\/\/schoepf-partner.de\/wp-content\/uploads\/2020\/04\/TitelBeckerWuppertal-1502.jpg&#8220; locked=&#8220;off&#8220; custom_margin=&#8220;||-150px|||&#8220;][\/et_pb_cta][\/et_pb_column][\/et_pb_row][\/et_pb_section][et_pb_section fb_built=&#8220;1&#8243; _builder_version=&#8220;4.4.2&#8243; custom_margin=&#8220;-2px||-1px|||&#8220; custom_padding=&#8220;4px||0px|||&#8220;][et_pb_row column_structure=&#8220;1_3,1_3,1_3&#8243; _builder_version=&#8220;4.4.2&#8243; min_height=&#8220;297px&#8220; custom_margin=&#8220;-3px|auto||auto||&#8220; custom_padding=&#8220;0px||4px|||&#8220;][et_pb_column type=&#8220;1_3&#8243; _builder_version=&#8220;4.4.2&#8243;][et_pb_cta title=&#8220;Wir sind&#8220; _builder_version=&#8220;4.4.3&#8243; background_enable_color=&#8220;off&#8220; background_enable_image=&#8220;off&#8220; background_layout=&#8220;light&#8220; background_enable_image__hover=&#8220;off&#8220; background_color__hover=&#8220;&#8220; background_enable_color__hover=&#8220;off&#8220; background__hover_enabled=&#8220;on|desktop&#8220;]<\/p>\n<p><span data-contrast=\"none\">ein Team aus Innenarchitekten, Architekten und Designern.\u00a0<\/span><span data-contrast=\"none\"><br \/> D<\/span><span data-contrast=\"none\">as Zusammenspiel<\/span><span data-contrast=\"none\">\u00a0aus allen drei\u00a0<\/span><span data-contrast=\"none\">Bereichen<\/span><span data-contrast=\"none\">\u00a0zeichnet unsere Arbeit aus.\u00a0<\/span><span data-contrast=\"none\"> Wir sind spezialisiert auf individuelle\u00a0<\/span><span data-contrast=\"none\">Umsetzungen.<\/span><span data-ccp-props=\"{&quot;134233117&quot;:false,&quot;134233118&quot;:false,&quot;201341983&quot;:0,&quot;335551550&quot;:2,&quot;335551620&quot;:2,&quot;335559685&quot;:0,&quot;335559731&quot;:0,&quot;335559737&quot;:0,&quot;335559740&quot;:288}\">\u00a0<\/span><\/p>\n<p>[\/et_pb_cta][\/et_pb_column][et_pb_column type=&#8220;1_3&#8243; _builder_version=&#8220;4.4.2&#8243;][et_pb_cta title=&#8220;Wir k\u00f6nnen&#8220; _builder_version=&#8220;4.4.3&#8243; background_enable_color=&#8220;off&#8220; background_enable_image=&#8220;off&#8220; background_layout=&#8220;light&#8220; hover_enabled=&#8220;0&#8243; background__hover_enabled=&#8220;on|desktop&#8220; background_enable_image__hover=&#8220;off&#8220; background_enable_color__hover=&#8220;off&#8220;]uns in die vielf\u00e4ltigen Bed\u00fcrfnisse unserer Kunden bestens hinein versetzen. Ob Neubau, Umbau oder Innenraumgestaltung: Wichtig ist uns ein konsequentes, durchg\u00e4ngiges Gestaltungskonzept im Innen- und Au\u00dfenraum.[\/et_pb_cta][\/et_pb_column][et_pb_column type=&#8220;1_3&#8243; _builder_version=&#8220;4.4.2&#8243;][et_pb_cta title=&#8220;Wir m\u00f6gen&#8220; button_text=&#8220;Klicks&#8220; _builder_version=&#8220;4.4.3&#8243; background_enable_color=&#8220;off&#8220; background_enable_image=&#8220;off&#8220; background_layout=&#8220;light&#8220; background__hover_enabled=&#8220;on|desktop&#8220; background_enable_image__hover=&#8220;off&#8220; background_enable_color__hover=&#8220;off&#8220;]<\/p>\n<div border-box=\"\" font-gute=\"\" architektur=\"\" stimmige=\"\" r=\"\" ume=\"\" br=\"\">klare Gestaltung, atmosph\u00e4rische R\u00e4ume,<\/div>\n<p>erlebbar gemachte Marken und vor allem den zufriedenen Gesichtsausdruck\u00a0<span>unserer Kunden in ihren neuen R\u00e4umen.<\/span><\/p>\n<p>[\/et_pb_cta][\/et_pb_column][\/et_pb_row][\/et_pb_section]<\/p>\n","protected":false},"excerpt":{"rendered":"<p>ein Team aus Innenarchitekten, Architekten und Designern.\u00a0 Das Zusammenspiel\u00a0aus allen drei\u00a0Bereichen\u00a0zeichnet unsere Arbeit aus.\u00a0 Wir sind spezialisiert auf individuelle\u00a0Umsetzungen.\u00a0uns in die vielf\u00e4ltigen Bed\u00fcrfnisse unserer Kunden bestens hinein versetzen. Ob Neubau, Umbau oder Innenraumgestaltung: Wichtig ist uns ein konsequentes, durchg\u00e4ngiges Gestaltungskonzept im Innen- und Au\u00dfenraum.klare Gestaltung, atmosph\u00e4rische R\u00e4ume, erlebbar gemachte Marken und vor allem den zufriedenen [&hellip;]<\/p>\n","protected":false},"author":1,"featured_media":0,"parent":0,"menu_order":0,"comment_status":"closed","ping_status":"closed","template":"","meta":{"_et_pb_use_builder":"on","_et_pb_old_content":"","_et_gb_content_width":"","footnotes":""},"class_list":["post-774","page","type-page","status-publish","hentry"],"_links":{"self":[{"href":"https:\/\/schoepf-partner.de\/index.php?rest_route=\/wp\/v2\/pages\/774"}],"collection":[{"href":"https:\/\/schoepf-partner.de\/index.php?rest_route=\/wp\/v2\/pages"}],"about":[{"href":"https:\/\/schoepf-partner.de\/index.php?rest_route=\/wp\/v2\/types\/page"}],"author":[{"embeddable":true,"href":"https:\/\/schoepf-partner.de\/index.php?rest_route=\/wp\/v2\/users\/1"}],"replies":[{"embeddable":true,"href":"https:\/\/schoepf-partner.de\/index.php?rest_route=%2Fwp%2Fv2%2Fcomments&post=774"}],"version-history":[{"count":67,"href":"https:\/\/schoepf-partner.de\/index.php?rest_route=\/wp\/v2\/pages\/774\/revisions"}],"predecessor-version":[{"id":3424,"href":"https:\/\/schoepf-partner.de\/index.php?rest_route=\/wp\/v2\/pages\/774\/revisions\/3424"}],"wp:attachment":[{"href":"https:\/\/schoepf-partner.de\/index.php?rest_route=%2Fwp%2Fv2%2Fmedia&parent=774"}],"curies":[{"name":"wp","href":"https:\/\/api.w.org\/{rel}","templated":true}]}}