{"id":92,"date":"2018-11-14T11:48:43","date_gmt":"2018-11-14T11:48:43","guid":{"rendered":"https:\/\/schoepf-partner.de\/?page_id=92"},"modified":"2024-04-12T10:26:56","modified_gmt":"2024-04-12T10:26:56","slug":"unternehmen","status":"publish","type":"page","link":"https:\/\/schoepf-partner.de\/?page_id=92","title":{"rendered":"Unternehmen"},"content":{"rendered":"<p>[et_pb_section fb_built=&#8220;1&#8243; _builder_version=&#8220;4.16&#8243; custom_padding=&#8220;||2px|||&#8220; global_colors_info=&#8220;{}&#8220;][et_pb_row _builder_version=&#8220;4.16&#8243; custom_margin=&#8220;|auto|52px|auto||&#8220; global_colors_info=&#8220;{}&#8220;][et_pb_column type=&#8220;4_4&#8243; _builder_version=&#8220;4.16&#8243; global_colors_info=&#8220;{}&#8220;][et_pb_text _builder_version=&#8220;4.24.3&#8243; custom_margin=&#8220;|108px|56px|||&#8220; custom_padding=&#8220;|0px||||&#8220; hover_enabled=&#8220;0&#8243; global_colors_info=&#8220;{}&#8220; text_font=&#8220;||||||||&#8220; sticky_enabled=&#8220;0&#8243;]<\/p>\n<h3>R\u00c4UME TRANSPORTIEREN BOTSCHAFTEN\u00a0<strong>\u00a0<\/strong><\/h3>\n<p><span data-ccp-props=\"{&quot;134233117&quot;:false,&quot;134233118&quot;:false,&quot;201341983&quot;:0,&quot;335551550&quot;:1,&quot;335551620&quot;:1,&quot;335559685&quot;:0,&quot;335559731&quot;:0,&quot;335559737&quot;:0,&quot;335559740&quot;:288}\"><\/span><span data-contrast=\"none\">R<\/span><span data-contrast=\"none\">\u00e4<\/span><span data-contrast=\"none\">ume, in denen Menschen sich wohl f<\/span><span data-contrast=\"none\">\u00fc<\/span><span data-contrast=\"none\">hlen, sind Ausdruck der Identit<\/span><span data-contrast=\"none\">\u00e4<\/span><span data-contrast=\"none\">t, sie geben Halt und Motivation. Dabei ist die Empfindung eines Raums sehr individuell und setzt einen sensiblen Entwurf voraus, der aus dem Dialog mit dem Bauherrn heraus entstanden ist.<\/span><span data-contrast=\"none\">\u00a0Nur so vermitteln R<\/span><span data-contrast=\"none\">\u00e4<\/span><span data-contrast=\"none\">ume Botschaften, die durchdacht und passend sind.<\/span><span data-contrast=\"none\">\u00a0In einem Team aus Architekten, Innenarchitekten und Designern\u00a0<\/span><span data-contrast=\"none\">schaffen wir r<\/span><span data-contrast=\"none\">\u00e4<\/span><span data-contrast=\"none\">umliche Qualit<\/span><span data-contrast=\"none\">\u00e4<\/span><span data-contrast=\"none\">t in\u00a0<\/span><span data-contrast=\"none\">Form, Farbe, Licht und Material<\/span><span data-contrast=\"none\">.<\/span><span data-ccp-props=\"{&quot;134233117&quot;:false,&quot;134233118&quot;:false,&quot;201341983&quot;:0,&quot;335551550&quot;:1,&quot;335551620&quot;:1,&quot;335559685&quot;:0,&quot;335559731&quot;:0,&quot;335559737&quot;:0,&quot;335559740&quot;:288}\">\u00a0<\/span><\/p>\n<p><span data-contrast=\"none\">Vom Entwurf bis zum kleinsten Detail\u00a0<\/span><span data-contrast=\"none\">\u2013\u00a0<\/span><span data-contrast=\"none\">wir planen kreativ und pr<\/span><span data-contrast=\"none\">\u00e4<\/span><span data-contrast=\"none\">zise ohne die Kosten und Termine aus dem Blick zu verlieren.<\/span><span data-ccp-props=\"{&quot;134233117&quot;:false,&quot;134233118&quot;:false,&quot;201341983&quot;:0,&quot;335551550&quot;:1,&quot;335551620&quot;:1,&quot;335559685&quot;:0,&quot;335559731&quot;:0,&quot;335559737&quot;:0,&quot;335559740&quot;:288}\">\u00a0<\/span><\/p>\n<p><span data-ccp-props=\"{&quot;134233117&quot;:false,&quot;134233118&quot;:false,&quot;201341983&quot;:0,&quot;335551550&quot;:1,&quot;335551620&quot;:1,&quot;335559685&quot;:0,&quot;335559731&quot;:0,&quot;335559737&quot;:0,&quot;335559740&quot;:288}\">\u00a0<\/span><\/p>\n<h3><span data-contrast=\"none\">WAS UNS AUSMACHT<\/span><span data-ccp-props=\"{&quot;134233117&quot;:false,&quot;134233118&quot;:false,&quot;201341983&quot;:0,&quot;335551550&quot;:1,&quot;335551620&quot;:1,&quot;335559685&quot;:0,&quot;335559731&quot;:0,&quot;335559737&quot;:0,&quot;335559740&quot;:288}\">\u00a0<\/span><\/h3>\n<p><strong>Offenheit<\/strong><span data-ccp-props=\"{&quot;134233117&quot;:false,&quot;134233118&quot;:false,&quot;201341983&quot;:0,&quot;335551550&quot;:1,&quot;335551620&quot;:1,&quot;335559685&quot;:0,&quot;335559731&quot;:0,&quot;335559737&quot;:0,&quot;335559740&quot;:288}\"><br \/><\/span><span data-contrast=\"none\">Offen sein f<\/span><span data-contrast=\"none\">\u00fc<\/span><span data-contrast=\"none\">r neue Ideen und neue Wege. Sich\u00a0<\/span><span data-contrast=\"none\">\u00f6<\/span><span data-contrast=\"none\">ffnen auch f<\/span><span data-contrast=\"none\">\u00fc<\/span><span data-contrast=\"none\">r\u00a0Andere<\/span><span data-contrast=\"none\">,\u00a0<\/span><span data-contrast=\"none\">Transparenz und Miteinander. Diese Idee im Alltag zu leben, daf<\/span><span data-contrast=\"none\">\u00fc<\/span><span data-contrast=\"none\">r schaffen wir den Raum.<\/span><span data-ccp-props=\"{&quot;134233117&quot;:false,&quot;134233118&quot;:false,&quot;201341983&quot;:0,&quot;335551550&quot;:1,&quot;335551620&quot;:1,&quot;335559685&quot;:0,&quot;335559731&quot;:0,&quot;335559737&quot;:0,&quot;335559740&quot;:288}\"><br \/><\/span><span data-ccp-props=\"{&quot;134233117&quot;:false,&quot;134233118&quot;:false,&quot;201341983&quot;:0,&quot;335551550&quot;:1,&quot;335551620&quot;:1,&quot;335559685&quot;:0,&quot;335559731&quot;:0,&quot;335559737&quot;:0,&quot;335559740&quot;:288}\"><\/span><strong>Mut<\/strong><span data-ccp-props=\"{&quot;134233117&quot;:false,&quot;134233118&quot;:false,&quot;201341983&quot;:0,&quot;335551550&quot;:1,&quot;335551620&quot;:1,&quot;335559685&quot;:0,&quot;335559731&quot;:0,&quot;335559737&quot;:0,&quot;335559740&quot;:288}\"><br \/><\/span><span data-contrast=\"none\">Mut zur Ver<\/span><span data-contrast=\"none\">\u00e4<\/span><span data-contrast=\"none\">nderung. Entscheidungen nach Kompetenz und nicht nach Machtverh<\/span><span data-contrast=\"none\">\u00e4<\/span><span data-contrast=\"none\">ltnis treffen. Wir unterst<\/span><span data-contrast=\"none\">\u00fc<\/span><span data-contrast=\"none\">tzen Mutige. Wir erarbeiten mit unseren Kunden individuelle Konzepte, die wirklich zu ihnen passen.<\/span><span data-ccp-props=\"{&quot;134233117&quot;:false,&quot;134233118&quot;:false,&quot;201341983&quot;:0,&quot;335551550&quot;:1,&quot;335551620&quot;:1,&quot;335559685&quot;:0,&quot;335559731&quot;:0,&quot;335559737&quot;:0,&quot;335559740&quot;:288}\"><br \/><\/span><strong>Qualit\u00e4t<\/strong><span data-ccp-props=\"{&quot;134233117&quot;:false,&quot;134233118&quot;:false,&quot;201341983&quot;:0,&quot;335551550&quot;:1,&quot;335551620&quot;:1,&quot;335559685&quot;:0,&quot;335559731&quot;:0,&quot;335559737&quot;:0,&quot;335559740&quot;:288}\"><br \/><\/span><span data-contrast=\"none\">Ein Zukunftswert. Davon sind auch wir\u00a0<\/span><span data-contrast=\"none\">\u00fc<\/span><span data-contrast=\"none\">ber<\/span><span data-contrast=\"none\">\u00a0<\/span><span data-contrast=\"none\">zeugt. Indem wir mit lokalen Handwerkern arbeiten, individuell anfertigen lassen, hochwertige Materialien nutzen.<\/span><span data-ccp-props=\"{&quot;134233117&quot;:false,&quot;134233118&quot;:false,&quot;201341983&quot;:0,&quot;335551550&quot;:1,&quot;335551620&quot;:1,&quot;335559685&quot;:0,&quot;335559731&quot;:0,&quot;335559737&quot;:0,&quot;335559740&quot;:288}\"><br \/><\/span><span data-ccp-props=\"{&quot;134233117&quot;:false,&quot;134233118&quot;:false,&quot;201341983&quot;:0,&quot;335551550&quot;:1,&quot;335551620&quot;:1,&quot;335559685&quot;:0,&quot;335559731&quot;:0,&quot;335559737&quot;:0,&quot;335559740&quot;:288}\"><\/span><strong>Respekt<\/strong><span data-ccp-props=\"{&quot;134233117&quot;:false,&quot;134233118&quot;:false,&quot;201341983&quot;:0,&quot;335551550&quot;:1,&quot;335551620&quot;:1,&quot;335559685&quot;:0,&quot;335559731&quot;:0,&quot;335559737&quot;:0,&quot;335559740&quot;:288}\"><br \/><\/span><span data-contrast=\"none\">Wem gegen<\/span><span data-contrast=\"none\">\u00fc<\/span><span data-contrast=\"none\">ber? Den\u00a0<\/span><span data-contrast=\"none\">Bauherren<\/span><span data-contrast=\"none\">\u00a0gegen<\/span><span data-contrast=\"none\">\u00fc<\/span><span data-contrast=\"none\">ber, die uns beauftragen, denn sie wollen etwas verbessern. Den\u00a0<\/span><span data-contrast=\"none\">Menschen<\/span><span data-contrast=\"none\">\u00a0gegen<\/span><span data-contrast=\"none\">\u00fc<\/span><span data-contrast=\"none\">ber, die\u00a0<\/span><span data-contrast=\"none\">die R<\/span><span data-contrast=\"none\">\u00e4<\/span><span data-contrast=\"none\">ume sp<\/span><span data-contrast=\"none\">\u00e4<\/span><span data-contrast=\"none\">ter nutzen, denn nur wer Bed<\/span><span data-contrast=\"none\">\u00fc<\/span><span data-contrast=\"none\">rfnisse respektiert, schafft Zufriedenheit.<\/span><span data-ccp-props=\"{&quot;134233117&quot;:false,&quot;134233118&quot;:false,&quot;201341983&quot;:0,&quot;335551550&quot;:1,&quot;335551620&quot;:1,&quot;335559685&quot;:0,&quot;335559731&quot;:0,&quot;335559737&quot;:0,&quot;335559740&quot;:288}\"><br \/><\/span><span data-contrast=\"none\">Unserem eigenen Team gegen<\/span><span data-contrast=\"none\">\u00fc<\/span><span data-contrast=\"none\">ber, weil sich jeder mit seiner Kompetenz einbringt, um zusammen eine Vision Realit<\/span><span data-contrast=\"none\">\u00e4<\/span><span data-contrast=\"none\">t werden zu lassen.<\/span><span data-ccp-props=\"{&quot;134233117&quot;:false,&quot;134233118&quot;:false,&quot;201341983&quot;:0,&quot;335551550&quot;:1,&quot;335551620&quot;:1,&quot;335559685&quot;:0,&quot;335559731&quot;:0,&quot;335559737&quot;:0,&quot;335559740&quot;:288}\">\u00a0<\/span><\/p>\n<p>&nbsp;<\/p>\n<p>[\/et_pb_text][\/et_pb_column][\/et_pb_row][et_pb_row column_structure=&#8220;2_5,3_5&#8243; _builder_version=&#8220;4.16&#8243; custom_margin=&#8220;|auto|52px|auto||&#8220; global_colors_info=&#8220;{}&#8220;][et_pb_column type=&#8220;2_5&#8243; _builder_version=&#8220;4.16&#8243; global_colors_info=&#8220;{}&#8220;][et_pb_image src=&#8220;https:\/\/schoepf-partner.de\/wp-content\/uploads\/2020\/05\/fotos-bs-von-anna-2-scaled.jpg&#8220; _builder_version=&#8220;4.16&#8243; scroll_fade_enable=&#8220;off&#8220; scroll_fade=&#8220;0|55|55|100|0|100|100&#8243; scroll_fade_tablet=&#8220;&#8220; scroll_fade_phone=&#8220;&#8220; scroll_fade_last_edited=&#8220;on|desktop&#8220; global_colors_info=&#8220;{}&#8220;][\/et_pb_image][\/et_pb_column][et_pb_column type=&#8220;3_5&#8243; _builder_version=&#8220;4.16&#8243; global_colors_info=&#8220;{}&#8220;][et_pb_text _builder_version=&#8220;4.16&#8243; custom_margin=&#8220;||56px|||&#8220; global_colors_info=&#8220;{}&#8220;]<\/p>\n<h1><\/h1>\n<h3>Dipl.-Ing. Innenarchitektin Brigitte Sch\u00f6pf<\/h3>\n<p><span>Studium an der Bergischen Universit\u00e4t in Wuppertal<\/span><span data-ccp-props=\"{&quot;201341983&quot;:0,&quot;335559739&quot;:160,&quot;335559740&quot;:259}\">\u00a0<\/span><\/p>\n<p><span>Nach dem Studium freie Mitarbeit in unterschiedlichen Planungsb\u00fcros, Schwerpunkt Entwurf<\/span><span data-ccp-props=\"{&quot;201341983&quot;:0,&quot;335559739&quot;:160,&quot;335559740&quot;:259}\"><\/span><\/p>\n<p><span>1990 Gr\u00fcndung <\/span><span data-contrast=\"auto\">eines<\/span><span data-contrast=\"auto\"> Innenarchitekturb\u00fcros<\/span><span data-ccp-props=\"{&quot;201341983&quot;:0,&quot;335559739&quot;:160,&quot;335559740&quot;:259}\">\u00a0<\/span><\/p>\n<p><span>Seit 2000\u00a0 &#8211; Planungsb\u00fcro S+P Sch\u00f6pf + Partner Architektur Innenarchitektur, Wuppertal<\/span><br \/> <span>konsequente Entwicklung des B\u00fcros zur interdisziplin\u00e4ren Zusammenarbeit von Architekten \/ Innenarchitekten \/ Kommunikationsdesignern \/ Kaufleuten<\/span><span data-ccp-props=\"{&quot;201341983&quot;:0,&quot;335559739&quot;:160,&quot;335559740&quot;:259}\">\u00a0<\/span><\/p>\n<p><span data-contrast=\"auto\">Dozentinnent\u00e4tigkeit\u00a0 f\u00fcr Aktzeichnen,\u00a0 Freihandzeichnen an der Bergischen Universit\u00e4t, FB Architektur und junioruni Wuppertal<\/span><span data-ccp-props=\"{&quot;201341983&quot;:0,&quot;335559739&quot;:160,&quot;335559740&quot;:259}\">\u00a0<\/span><\/p>\n<p><span data-contrast=\"auto\">Regelm\u00e4\u00dfige Ausstellungen Skizzen \/ Zeichnungen \/ Malerei<\/span><span data-ccp-props=\"{&quot;201341983&quot;:0,&quot;335559739&quot;:160,&quot;335559740&quot;:259}\">\u00a0<\/span><\/p>\n<p>[\/et_pb_text][\/et_pb_column][\/et_pb_row][et_pb_row column_structure=&#8220;2_5,3_5&#8243; _builder_version=&#8220;4.16&#8243; custom_margin=&#8220;|auto|-2px|auto||&#8220; global_colors_info=&#8220;{}&#8220;][et_pb_column type=&#8220;2_5&#8243; _builder_version=&#8220;4.16&#8243; global_colors_info=&#8220;{}&#8220;][et_pb_image src=&#8220;https:\/\/schoepf-partner.de\/wp-content\/uploads\/2020\/08\/hs-ueberarbeitet-2-scaled.jpg&#8220; title_text=&#8220;hs \u00fcberarbeitet 2&#8243; _builder_version=&#8220;4.16&#8243; custom_padding=&#8220;|5px|||false|false&#8220; scroll_fade_enable=&#8220;off&#8220; scroll_fade=&#8220;0|55|55|100|0|100|100&#8243; scroll_fade_tablet=&#8220;&#8220; scroll_fade_phone=&#8220;&#8220; scroll_fade_last_edited=&#8220;on|desktop&#8220; global_colors_info=&#8220;{}&#8220;][\/et_pb_image][\/et_pb_column][et_pb_column type=&#8220;3_5&#8243; _builder_version=&#8220;4.16&#8243; global_colors_info=&#8220;{}&#8220;][et_pb_text _builder_version=&#8220;4.16&#8243; custom_margin=&#8220;||56px|||&#8220; global_colors_info=&#8220;{}&#8220;]<\/p>\n<h1><\/h1>\n<h3>Dipl.-Ing. Architekt Heiko Sch\u00fctt<\/h3>\n<p><span>Studium <\/span><span data-contrast=\"auto\">an der Bergischen Universit\u00e4t in Wuppertal<\/span><span data-ccp-props=\"{&quot;201341983&quot;:0,&quot;335559739&quot;:160,&quot;335559740&quot;:259}\">\u00a0<\/span><\/p>\n<p><span data-contrast=\"auto\">Leitung Geb\u00e4udemanagement in der Industrie<\/span><span data-ccp-props=\"{&quot;201341983&quot;:0,&quot;335559739&quot;:160,&quot;335559740&quot;:259}\">\u00a0<\/span><\/p>\n<p><span data-contrast=\"auto\">Seit 2000\u00a0 Mitinhaber Planungsb\u00fcro S+P Sch\u00f6pf + Partner Architektur Innenarchitektur, Wuppertal<\/span><span data-ccp-props=\"{&quot;201341983&quot;:0,&quot;335559739&quot;:160,&quot;335559740&quot;:259}\">\u00a0<\/span><\/p>\n<p><span data-contrast=\"auto\">\u00a0<\/span><span>Schwerpunkte: <\/span><span data-contrast=\"auto\">Konstruktion, <\/span><span data-contrast=\"auto\">Bautechnik<\/span><span data-contrast=\"auto\">, Bauleitung<\/span><span data-contrast=\"auto\">, Projekt<\/span><span data-contrast=\"auto\">leitung<\/span><span data-contrast=\"auto\">, Projektsteuerung<\/span><span data-ccp-props=\"{&quot;201341983&quot;:0,&quot;335559739&quot;:160,&quot;335559740&quot;:259}\">\u00a0<\/span><\/p>\n<p><span>Weitere Fachgebiete: Sachverst\u00e4ndiger\u00a0 f\u00fcr Sch\u00e4den an Geb\u00e4uden<\/span><span data-ccp-props=\"{&quot;201341983&quot;:0,&quot;335559739&quot;:160,&quot;335559740&quot;:259}\">\u00a0<\/span><\/p>\n<p>[\/et_pb_text][\/et_pb_column][\/et_pb_row][\/et_pb_section]<\/p>\n","protected":false},"excerpt":{"rendered":"<p>R\u00c4UME TRANSPORTIEREN BOTSCHAFTEN\u00a0\u00a0 R\u00e4ume, in denen Menschen sich wohl f\u00fchlen, sind Ausdruck der Identit\u00e4t, sie geben Halt und Motivation. Dabei ist die Empfindung eines Raums sehr individuell und setzt einen sensiblen Entwurf voraus, der aus dem Dialog mit dem Bauherrn heraus entstanden ist.\u00a0Nur so vermitteln R\u00e4ume Botschaften, die durchdacht und passend sind.\u00a0In einem Team aus [&hellip;]<\/p>\n","protected":false},"author":1,"featured_media":0,"parent":0,"menu_order":0,"comment_status":"closed","ping_status":"closed","template":"","meta":{"_et_pb_use_builder":"on","_et_pb_old_content":"<p><span style=\"font-family: arial, helvetica, sans-serif;\"><strong>GEB\u00c4UDEN EIN GESICHT GEBEN<\/strong><\/span><\/p><p><span style=\"font-family: arial, helvetica, sans-serif;\"><strong><br \/>WEIL JEDER ORT SEINE GESCHICHTE HAT, BRAUCHT RAUM INDIVIDUALIT\u00c4T<\/strong><\/span><\/p><p><span style=\"font-family: arial, helvetica, sans-serif;\">Unsere Arbeit beginnt mit Zuh\u00f6ren. Die Ausgangssituation, die Anforderung, bestehende Voraussetzungen, W\u00fcnsche f\u00fcr Nutzung und Aussehen eines Ortes gebunden an die Menschen, die hier arbeiten oder wohnen \u2013 sie alle zusammen bilden den Auftakt.<\/span><\/p><p><span style=\"font-family: arial, helvetica, sans-serif;\">Unsere Verantortlichkeit erstreckt sich vom architektonischen Entwurf \u00fcber die reibungslose termingerechte und kostenoptimierte bauliche Abwicklung bis hin zum Innendesign. Auf Wunsch auch als Generalplaner. Als Team aus Architekten, Innenarchitekten und Ingenieuren arbeiten wir stets mit Blick auf das Ganze und verbinden H\u00fclle und Kern durchdacht miteinander.<\/span><\/p><p><span style=\"font-family: arial, helvetica, sans-serif;\">So schaffen wir Geb\u00e4ude und R\u00e4ume, in denen sowohl der Funktion als auch der individuellen pers\u00f6nlichen oder unternehmerischen Philosophie Rechnung getragen wird.<\/span><\/p><p>\u00a0<\/p><p><span style=\"font-family: arial, helvetica, sans-serif;\"><strong>INNENARCHITEKTUR I BRANDING<br \/><\/strong><\/span><\/p><p><span style=\"font-family: arial, helvetica, sans-serif;\"><strong>Dipl.-Ing. Innenarchitektin Brigitte Sch\u00f6pf<\/strong><\/span><\/p><p><span style=\"font-family: arial, helvetica, sans-serif;\">\u201eR\u00e4ume, in denen Menschen sich wohl f\u00fchlen, sind Ausdruck der Identit\u00e4t, sie geben Halt und Motivation. Dabei ist die Empfindung eines Raums sehr individuell und setzt einen sensiblen Entwurf voraus, der aus dem Dialog mit dem Bauherrn heraus entstanden ist. Zusammen mit meinem Team kann ich aus einem reichen Erfahrungsschatz im Umgang mit Form, Farbe, Licht und Material sch\u00f6pfen. Die Vielfalt der bisherigen Bau-Projekte, ihre unterschiedliche Art und Gr\u00f6\u00dfe, ihre Ausdehnung bis hin zum Corporate Design bilden das Potential f\u00fcr neue Aufgaben. Vom Entwurf bis zum kleinsten Detail \u2013 wir planen kreativ und pr\u00e4zise ohne die Kosten und Termine aus dem Blick zu verlieren.\u201c<\/span><\/p><p>\u00a0<\/p><p><span style=\"font-family: arial, helvetica, sans-serif;\"><strong>ARCHITEKTUR I TECHNIK<br \/><\/strong><\/span><\/p><p><span style=\"font-family: arial, helvetica, sans-serif;\"><strong>\u00a0<\/strong><strong>Dipl.-Ing. Architekt Heiko Sch\u00fctt<\/strong><\/span><\/p><p><span style=\"font-family: arial, helvetica, sans-serif;\">\u201eWo f\u00e4ngt Bauen an? Bei der Beratung unserer Industriekunden erwiesenerma\u00dfen schon beim Verstehen ihrer Produktionsabl\u00e4ufe. Wie kann Architektur Produktion optimieren? Welche technisch-baulichen und zeitlichen Faktoren m\u00fcssen ber\u00fccksichtigt werden, um im laufenden Betrieb umzubauen? Welche Erweiterungsgrundst\u00fccke sind geeignet? Voraussetzung f\u00fcr unsere fundierte bauliche Ausf\u00fchrung sind weitreichende Kenntnisse und Erfahrungen im technischen, bauphysikalischen und baukonstruktiven Bereich. Die Erstellung realistischer Masterpl\u00e4ne geh\u00f6rt ebenso zu meinen Schwerpunkten wie eine verl\u00e4ssliche Kosten- und Terminplanung einschlie\u00dflich der Bauleitung, sowohl beim Neubau wie auch beim Bauen im Bestand.\u201c<\/span><\/p>","_et_gb_content_width":"","footnotes":""},"class_list":["post-92","page","type-page","status-publish","hentry"],"_links":{"self":[{"href":"https:\/\/schoepf-partner.de\/index.php?rest_route=\/wp\/v2\/pages\/92"}],"collection":[{"href":"https:\/\/schoepf-partner.de\/index.php?rest_route=\/wp\/v2\/pages"}],"about":[{"href":"https:\/\/schoepf-partner.de\/index.php?rest_route=\/wp\/v2\/types\/page"}],"author":[{"embeddable":true,"href":"https:\/\/schoepf-partner.de\/index.php?rest_route=\/wp\/v2\/users\/1"}],"replies":[{"embeddable":true,"href":"https:\/\/schoepf-partner.de\/index.php?rest_route=%2Fwp%2Fv2%2Fcomments&post=92"}],"version-history":[{"count":27,"href":"https:\/\/schoepf-partner.de\/index.php?rest_route=\/wp\/v2\/pages\/92\/revisions"}],"predecessor-version":[{"id":3547,"href":"https:\/\/schoepf-partner.de\/index.php?rest_route=\/wp\/v2\/pages\/92\/revisions\/3547"}],"wp:attachment":[{"href":"https:\/\/schoepf-partner.de\/index.php?rest_route=%2Fwp%2Fv2%2Fmedia&parent=92"}],"curies":[{"name":"wp","href":"https:\/\/api.w.org\/{rel}","templated":true}]}}